{"id":1197,"date":"2017-10-11T10:49:22","date_gmt":"2017-10-11T10:49:22","guid":{"rendered":"http:\/\/cellerdalmau.es\/ca\/?page_id=1197"},"modified":"2017-10-11T10:49:22","modified_gmt":"2017-10-11T10:49:22","slug":"bru-de-verdu","status":"publish","type":"page","link":"http:\/\/cellerdalmau.es\/ca\/bru-de-verdu\/","title":{"rendered":"Bru de Verd\u00fa"},"content":{"rendered":"<section class=\"l-section wpb_row height_small with_img\"><div class=\"l-section-img\" style=\"background-image: url(https:\/\/i1.wp.com\/cellerdalmau.es\/wp-content\/uploads\/2017\/09\/alex-holyoake-1399022-1.jpg?fit=2000%2C300);\" data-img-width=\"2000\" data-img-height=\"300\"><\/div><div class=\"l-section-h i-cf\"><div class=\"g-cols vc_row type_default valign_top\"><div class=\"vc_col-sm-12 wpb_column vc_column_container\"><div class=\"vc_column-inner\"><div class=\"wpb_wrapper\">[vc_empty_space]<\/div><\/div><\/div><\/div><\/div><\/section><section class=\"l-section wpb_row height_small\"><div class=\"l-section-h i-cf\"><div class=\"g-cols vc_row type_default valign_top\"><div class=\"vc_col-sm-6 wpb_column vc_column_container\"><div class=\"vc_column-inner\"><div class=\"wpb_wrapper\">\r\n\t<div class=\"wpb_text_column \">\r\n\t\t<div class=\"wpb_wrapper\">\r\n\t\t\t<h1 style=\"text-align: center;\">Bru de Verd\u00fa<\/h1>\n\r\n\t\t<\/div>\r\n\t<\/div>\r\n<div class=\"w-image align_center style_shadow-1 animate_afl\"><div class=\"w-image-h\"><a href=\"https:\/\/i1.wp.com\/cellerdalmau.es\/wp-content\/uploads\/2017\/09\/celler-dalmau-185014.jpg?fit=300%2C500\" ref=\"magnificPopup\"><img width=\"300\" height=\"500\" src=\"https:\/\/i1.wp.com\/cellerdalmau.es\/wp-content\/uploads\/2017\/09\/celler-dalmau-185014.jpg?fit=300%2C500\" class=\"attachment-large size-large\" alt=\"\" loading=\"lazy\" srcset=\"https:\/\/i1.wp.com\/cellerdalmau.es\/wp-content\/uploads\/2017\/09\/celler-dalmau-185014.jpg?w=300 300w, https:\/\/i1.wp.com\/cellerdalmau.es\/wp-content\/uploads\/2017\/09\/celler-dalmau-185014.jpg?resize=180%2C300 180w\" sizes=\"(max-width: 300px) 100vw, 300px\" data-attachment-id=\"522\" data-permalink=\"http:\/\/cellerdalmau.es\/bru-de-verdu\/celler-dalmau-185014\/\" data-orig-file=\"https:\/\/i1.wp.com\/cellerdalmau.es\/wp-content\/uploads\/2017\/09\/celler-dalmau-185014.jpg?fit=300%2C500\" data-orig-size=\"300,500\" data-comments-opened=\"1\" data-image-meta=\"{&quot;aperture&quot;:&quot;0&quot;,&quot;credit&quot;:&quot;&quot;,&quot;camera&quot;:&quot;&quot;,&quot;caption&quot;:&quot;&quot;,&quot;created_timestamp&quot;:&quot;0&quot;,&quot;copyright&quot;:&quot;&quot;,&quot;focal_length&quot;:&quot;0&quot;,&quot;iso&quot;:&quot;0&quot;,&quot;shutter_speed&quot;:&quot;0&quot;,&quot;title&quot;:&quot;&quot;,&quot;orientation&quot;:&quot;0&quot;}\" data-image-title=\"celler-dalmau-185014\" data-image-description=\"\" data-medium-file=\"https:\/\/i1.wp.com\/cellerdalmau.es\/wp-content\/uploads\/2017\/09\/celler-dalmau-185014.jpg?fit=180%2C300\" data-large-file=\"https:\/\/i1.wp.com\/cellerdalmau.es\/wp-content\/uploads\/2017\/09\/celler-dalmau-185014.jpg?fit=300%2C500\" \/><\/a><\/div><\/div><div class=\"g-cols wpb_row type_default valign_top vc_inner \"><div class=\"vc_col-sm-12 wpb_column vc_column_container\"><div class=\"vc_column-inner\"><div class=\"wpb_wrapper\">[vc_empty_space]\r\n\t<div class=\"wpb_text_column \">\r\n\t\t<div class=\"wpb_wrapper\">\r\n\t\t\t<h4><span style=\"color: #f2ba66;\">Reserva el producte<\/span><\/h4>\n\r\n\t\t<\/div>\r\n\t<\/div>\r\n<div class=\"w-separator type_default size_small thick_1 style_solid color_border cont_none\"><span class=\"w-separator-h\"><\/span><\/div>[contact-form-7 404 \"Not Found\"]<\/div><\/div><\/div><\/div><\/div><\/div><\/div><div class=\"vc_col-sm-6 wpb_column vc_column_container\"><div class=\"vc_column-inner\"><div class=\"wpb_wrapper\">\r\n\t<div class=\"wpb_text_column \">\r\n\t\t<div class=\"wpb_wrapper\">\r\n\t\t\t<div class=\"ampliacion-plato plato-general\">\n<p>Celler Cercavins<\/p>\n<\/div>\n<div class=\"descripcion-plato plato-general\">\n<p><strong>VARIEDADES:<\/strong><br \/>\n70% Tempranillo, 30% Syrah<\/p>\n<p><strong>CRIANZA:<\/strong><br \/>\n6 meses en roble franc\u00e9s y americano.<\/p>\n<p><strong>CATA:<\/strong><br \/>\nRojo, muy brillante y limpio.<\/p>\n<p>Complejo, una agradable intensidad arom\u00e1tica, aromas a fruta negra, moras, ar\u00e1ndanos, ciruelas, notas tostadas, especiadas procedentes de la crianza, notas vegetales y un sutil fondo ahumado.<br \/>\n&#8211; Boca: sabroso, sedoso y c\u00e1lido, de fruta. Equilibrada acidez, sabrosos taninos. Final largo y afrutado.<\/p>\n<p><strong>GASTRONOM\u00cdA:<\/strong><br \/>\nEmbutidos, cordero a la parrilla, carnes rojas a la parrilla, asados, quesos de cabra, parrillada de verduras.<\/p>\n<p><strong>PRECIO: \u20ac 8,90<\/strong><\/p>\n<\/div>\n\r\n\t\t<\/div>\r\n\t<\/div>\r\n<\/div><\/div><\/div><\/div><\/div><\/section>\n","protected":false},"excerpt":{"rendered":"[vc_empty_space] Bru de Verd\u00fa [vc_empty_space] Reserva el producte [contact-form-7 404 \"Not Found\"] Celler Cercavins VARIEDADES: 70% Tempranillo, 30% Syrah CRIANZA: 6 meses en roble franc\u00e9s y americano. CATA: Rojo, muy brillante y limpio. Complejo, una agradable intensidad arom\u00e1tica, aromas a fruta negra, moras, ar\u00e1ndanos, ciruelas, notas tostadas, especiadas procedentes de la crianza, notas vegetales y...","protected":false},"author":1,"featured_media":0,"parent":0,"menu_order":0,"comment_status":"closed","ping_status":"closed","template":"","meta":{"spay_email":""},"jetpack_sharing_enabled":true,"jetpack_shortlink":"https:\/\/wp.me\/P9j7ef-jj","jetpack_likes_enabled":true,"jetpack-related-posts":[],"_links":{"self":[{"href":"http:\/\/cellerdalmau.es\/ca\/wp-json\/wp\/v2\/pages\/1197"}],"collection":[{"href":"http:\/\/cellerdalmau.es\/ca\/wp-json\/wp\/v2\/pages"}],"about":[{"href":"http:\/\/cellerdalmau.es\/ca\/wp-json\/wp\/v2\/types\/page"}],"author":[{"embeddable":true,"href":"http:\/\/cellerdalmau.es\/ca\/wp-json\/wp\/v2\/users\/1"}],"replies":[{"embeddable":true,"href":"http:\/\/cellerdalmau.es\/ca\/wp-json\/wp\/v2\/comments?post=1197"}],"version-history":[{"count":1,"href":"http:\/\/cellerdalmau.es\/ca\/wp-json\/wp\/v2\/pages\/1197\/revisions"}],"predecessor-version":[{"id":1203,"href":"http:\/\/cellerdalmau.es\/ca\/wp-json\/wp\/v2\/pages\/1197\/revisions\/1203"}],"wp:attachment":[{"href":"http:\/\/cellerdalmau.es\/ca\/wp-json\/wp\/v2\/media?parent=1197"}],"curies":[{"name":"wp","href":"https:\/\/api.w.org\/{rel}","templated":true}]}}