{"id":1263,"date":"2017-10-11T11:27:05","date_gmt":"2017-10-11T11:27:05","guid":{"rendered":"http:\/\/cellerdalmau.es\/ca\/?page_id=1263"},"modified":"2017-10-11T11:27:05","modified_gmt":"2017-10-11T11:27:05","slug":"clot-dels-oms","status":"publish","type":"page","link":"http:\/\/cellerdalmau.es\/ca\/clot-dels-oms\/","title":{"rendered":"Clot dels Oms"},"content":{"rendered":"<section class=\"l-section wpb_row height_small with_img\"><div class=\"l-section-img\" style=\"background-image: url(https:\/\/i1.wp.com\/cellerdalmau.es\/wp-content\/uploads\/2017\/09\/alex-holyoake-1399022-1.jpg?fit=2000%2C300);\" data-img-width=\"2000\" data-img-height=\"300\"><\/div><div class=\"l-section-h i-cf\"><div class=\"g-cols vc_row type_default valign_top\"><div class=\"vc_col-sm-12 wpb_column vc_column_container\"><div class=\"vc_column-inner\"><div class=\"wpb_wrapper\">[vc_empty_space]<\/div><\/div><\/div><\/div><\/div><\/section><section class=\"l-section wpb_row height_small\"><div class=\"l-section-h i-cf\"><div class=\"g-cols vc_row type_default valign_top\"><div class=\"vc_col-sm-6 wpb_column vc_column_container\"><div class=\"vc_column-inner\"><div class=\"wpb_wrapper\">\r\n\t<div class=\"wpb_text_column \">\r\n\t\t<div class=\"wpb_wrapper\">\r\n\t\t\t<h1 style=\"text-align: center;\">Clot dels Oms<\/h1>\n\r\n\t\t<\/div>\r\n\t<\/div>\r\n<div class=\"w-image align_center style_shadow-1 animate_afl\"><div class=\"w-image-h\"><a href=\"https:\/\/i2.wp.com\/cellerdalmau.es\/wp-content\/uploads\/2017\/09\/celler-dalmau-184751.jpg?fit=300%2C500\" ref=\"magnificPopup\"><img width=\"300\" height=\"500\" src=\"https:\/\/i2.wp.com\/cellerdalmau.es\/wp-content\/uploads\/2017\/09\/celler-dalmau-184751.jpg?fit=300%2C500\" class=\"attachment-large size-large\" alt=\"\" loading=\"lazy\" srcset=\"https:\/\/i2.wp.com\/cellerdalmau.es\/wp-content\/uploads\/2017\/09\/celler-dalmau-184751.jpg?w=300 300w, https:\/\/i2.wp.com\/cellerdalmau.es\/wp-content\/uploads\/2017\/09\/celler-dalmau-184751.jpg?resize=180%2C300 180w\" sizes=\"(max-width: 300px) 100vw, 300px\" data-attachment-id=\"625\" data-permalink=\"http:\/\/cellerdalmau.es\/clot-dels-oms\/celler-dalmau-184751\/\" data-orig-file=\"https:\/\/i2.wp.com\/cellerdalmau.es\/wp-content\/uploads\/2017\/09\/celler-dalmau-184751.jpg?fit=300%2C500\" data-orig-size=\"300,500\" data-comments-opened=\"1\" data-image-meta=\"{&quot;aperture&quot;:&quot;0&quot;,&quot;credit&quot;:&quot;&quot;,&quot;camera&quot;:&quot;&quot;,&quot;caption&quot;:&quot;&quot;,&quot;created_timestamp&quot;:&quot;0&quot;,&quot;copyright&quot;:&quot;&quot;,&quot;focal_length&quot;:&quot;0&quot;,&quot;iso&quot;:&quot;0&quot;,&quot;shutter_speed&quot;:&quot;0&quot;,&quot;title&quot;:&quot;&quot;,&quot;orientation&quot;:&quot;0&quot;}\" data-image-title=\"celler-dalmau-184751\" data-image-description=\"\" data-medium-file=\"https:\/\/i2.wp.com\/cellerdalmau.es\/wp-content\/uploads\/2017\/09\/celler-dalmau-184751.jpg?fit=180%2C300\" data-large-file=\"https:\/\/i2.wp.com\/cellerdalmau.es\/wp-content\/uploads\/2017\/09\/celler-dalmau-184751.jpg?fit=300%2C500\" \/><\/a><\/div><\/div><div class=\"g-cols wpb_row type_default valign_top vc_inner \"><div class=\"vc_col-sm-12 wpb_column vc_column_container\"><div class=\"vc_column-inner\"><div class=\"wpb_wrapper\">[vc_empty_space]\r\n\t<div class=\"wpb_text_column \">\r\n\t\t<div class=\"wpb_wrapper\">\r\n\t\t\t<h4><span style=\"color: #f2ba66;\">Reserva el producte<\/span><\/h4>\n\r\n\t\t<\/div>\r\n\t<\/div>\r\n<div class=\"w-separator type_default size_small thick_1 style_solid color_border cont_none\"><span class=\"w-separator-h\"><\/span><\/div>[contact-form-7 404 \"Not Found\"]<\/div><\/div><\/div><\/div><\/div><\/div><\/div><div class=\"vc_col-sm-6 wpb_column vc_column_container\"><div class=\"vc_column-inner\"><div class=\"wpb_wrapper\">\r\n\t<div class=\"wpb_text_column \">\r\n\t\t<div class=\"wpb_wrapper\">\r\n\t\t\t<p>Vi elaborat \u00fanicament amb ra\u00efm de la varietat Merlot procedent de la Finca Ca n&#8217;Estella, concretament de la vinya Clot dels Oms.<\/p>\n<p>Aquest vi prov\u00e9 \u00fanicament de most sangrat (most flor), desfangat. Un cop separat el most net de les parts s\u00f2lides s\u00efnici\u00e0 el proc\u00e9s de fermentaci\u00f3.<\/p>\n<p>Passat aquest temps es van realitzar els processos de clarificaci\u00f3, filtraci\u00f3, estabilitzaci\u00f3 i embotellament del producte.<\/p>\n<p>D&#8217;aquest vi s&#8217;han embotellat un total de 13.000 ampolles, totes numerades.<\/p>\n<p><strong>NOTA DE TAST<br \/>\n<\/strong><br \/>\nVi rosat de color rob\u00ed amb tons violacis i d&#8217;alta densitat molt net. Destaca la pres\u00e8ncia de ll\u00e0grimes i abundants.<\/p>\n<p>D&#8217;aroma intens i afruitat, desperta records a fruites del bosc amb predomini d&#8217;aromes de gerd\u00f3.<br \/>\nD&#8217;entrda en boca agradable, al paladar es mostra potent, corpulent i untu\u00f3s. Postgust llarg i arm\u00f2nic.<\/p>\n<p><strong>GASTRONOMIA<br \/>\n<\/strong><br \/>\n\u00c9s aconsellable prendre&#8217;l amb plats de pasta i carns blanques.<\/p>\n<p>Servir entre 10 i 12\u00b0C.<\/p>\n<p><strong>FITXA T\u00c8CNICA<br \/>\n<\/strong><br \/>\n%vol: 13,5 f<br \/>\nAcidesa total: 4 (g HZSo4\/l)<br \/>\npH: 3.15<\/p>\n\r\n\t\t<\/div>\r\n\t<\/div>\r\n<div class=\"w-image\"><div class=\"w-image-h\"><img width=\"1024\" height=\"297\" src=\"https:\/\/i1.wp.com\/cellerdalmau.es\/wp-content\/uploads\/2017\/09\/logo_rosats.jpg?fit=1024%2C297\" class=\"attachment-large size-large\" alt=\"\" loading=\"lazy\" srcset=\"https:\/\/i1.wp.com\/cellerdalmau.es\/wp-content\/uploads\/2017\/09\/logo_rosats.jpg?w=1920 1920w, https:\/\/i1.wp.com\/cellerdalmau.es\/wp-content\/uploads\/2017\/09\/logo_rosats.jpg?resize=300%2C87 300w, https:\/\/i1.wp.com\/cellerdalmau.es\/wp-content\/uploads\/2017\/09\/logo_rosats.jpg?resize=768%2C222 768w, https:\/\/i1.wp.com\/cellerdalmau.es\/wp-content\/uploads\/2017\/09\/logo_rosats.jpg?resize=1024%2C297 1024w\" sizes=\"(max-width: 1024px) 100vw, 1024px\" data-attachment-id=\"627\" data-permalink=\"http:\/\/cellerdalmau.es\/clot-dels-oms\/logo_rosats\/\" data-orig-file=\"https:\/\/i1.wp.com\/cellerdalmau.es\/wp-content\/uploads\/2017\/09\/logo_rosats.jpg?fit=1920%2C556\" data-orig-size=\"1920,556\" data-comments-opened=\"1\" data-image-meta=\"{&quot;aperture&quot;:&quot;0&quot;,&quot;credit&quot;:&quot;&quot;,&quot;camera&quot;:&quot;&quot;,&quot;caption&quot;:&quot;&quot;,&quot;created_timestamp&quot;:&quot;0&quot;,&quot;copyright&quot;:&quot;&quot;,&quot;focal_length&quot;:&quot;0&quot;,&quot;iso&quot;:&quot;0&quot;,&quot;shutter_speed&quot;:&quot;0&quot;,&quot;title&quot;:&quot;&quot;,&quot;orientation&quot;:&quot;0&quot;}\" data-image-title=\"logo_rosats\" data-image-description=\"\" data-medium-file=\"https:\/\/i1.wp.com\/cellerdalmau.es\/wp-content\/uploads\/2017\/09\/logo_rosats.jpg?fit=300%2C87\" data-large-file=\"https:\/\/i1.wp.com\/cellerdalmau.es\/wp-content\/uploads\/2017\/09\/logo_rosats.jpg?fit=1024%2C297\" \/><\/div><\/div><\/div><\/div><\/div><\/div><\/div><\/section>\n","protected":false},"excerpt":{"rendered":"[vc_empty_space] Clot dels Oms [vc_empty_space] Reserva el producte [contact-form-7 404 \"Not Found\"] Vi elaborat \u00fanicament amb ra\u00efm de la varietat Merlot procedent de la Finca Ca n'Estella, concretament de la vinya Clot dels Oms. Aquest vi prov\u00e9 \u00fanicament de most sangrat (most flor), desfangat. Un cop separat el most net de les parts s\u00f2lides s\u00efnici\u00e0...","protected":false},"author":1,"featured_media":0,"parent":0,"menu_order":0,"comment_status":"closed","ping_status":"closed","template":"","meta":{"spay_email":""},"jetpack_sharing_enabled":true,"jetpack_shortlink":"https:\/\/wp.me\/P9j7ef-kn","jetpack_likes_enabled":true,"jetpack-related-posts":[],"_links":{"self":[{"href":"http:\/\/cellerdalmau.es\/ca\/wp-json\/wp\/v2\/pages\/1263"}],"collection":[{"href":"http:\/\/cellerdalmau.es\/ca\/wp-json\/wp\/v2\/pages"}],"about":[{"href":"http:\/\/cellerdalmau.es\/ca\/wp-json\/wp\/v2\/types\/page"}],"author":[{"embeddable":true,"href":"http:\/\/cellerdalmau.es\/ca\/wp-json\/wp\/v2\/users\/1"}],"replies":[{"embeddable":true,"href":"http:\/\/cellerdalmau.es\/ca\/wp-json\/wp\/v2\/comments?post=1263"}],"version-history":[{"count":1,"href":"http:\/\/cellerdalmau.es\/ca\/wp-json\/wp\/v2\/pages\/1263\/revisions"}],"predecessor-version":[{"id":1265,"href":"http:\/\/cellerdalmau.es\/ca\/wp-json\/wp\/v2\/pages\/1263\/revisions\/1265"}],"wp:attachment":[{"href":"http:\/\/cellerdalmau.es\/ca\/wp-json\/wp\/v2\/media?parent=1263"}],"curies":[{"name":"wp","href":"https:\/\/api.w.org\/{rel}","templated":true}]}}