{"id":1000,"date":"2017-10-10T11:12:46","date_gmt":"2017-10-10T11:12:46","guid":{"rendered":"http:\/\/cellerdalmau.es\/?page_id=1000&#038;lang=ca"},"modified":"2017-10-11T11:35:59","modified_gmt":"2017-10-11T11:35:59","slug":"promociones","status":"publish","type":"page","link":"https:\/\/cellerdalmau.es\/ca\/promociones\/","title":{"rendered":"PROMOCIONS"},"content":{"rendered":"<section class=\"l-section wpb_row height_small with_img\"><div class=\"l-section-img\" style=\"background-image: url(https:\/\/i1.wp.com\/cellerdalmau.es\/wp-content\/uploads\/2017\/09\/alex-holyoake-1399022-1.jpg?fit=2000%2C300&ssl=1);\" data-img-width=\"2000\" data-img-height=\"300\"><\/div><div class=\"l-section-h i-cf\"><div class=\"g-cols vc_row type_default valign_top\"><div class=\"vc_col-sm-12 wpb_column vc_column_container\"><div class=\"vc_column-inner\"><div class=\"wpb_wrapper\">[vc_empty_space height=&#8221;90px&#8221;]<\/div><\/div><\/div><\/div><\/div><\/section><section class=\"l-section wpb_row height_small\"><div class=\"l-section-h i-cf\"><div class=\"g-cols vc_row type_default valign_top vc_column-gap-10\"><div class=\"vc_col-sm-12 wpb_column vc_column_container\"><div class=\"vc_column-inner\"><div class=\"wpb_wrapper\"><div class=\"g-cols wpb_row type_default valign_top vc_inner \"><div class=\"vc_col-sm-12 wpb_column vc_column_container\"><div class=\"vc_column-inner\"><div class=\"wpb_wrapper\">\r\n\t<div class=\"wpb_text_column \">\r\n\t\t<div class=\"wpb_wrapper\">\r\n\t\t\t<h1 style=\"text-align: center;\">Promocions<\/h1>\n\r\n\t\t<\/div>\r\n\t<\/div>\r\n[vc_empty_space height=&#8221;20px&#8221;]<\/div><\/div><\/div><\/div><div class=\"w-tabs layout_default accordion title_left icon_chevron iconpos_right \"><div class=\"w-tabs-list items_2\"><div class=\"w-tabs-list-h\"><div class=\"w-tabs-item\"><a href=\"#1506073906102-50c2e456-661f\" class=\"w-tabs-item-h\"><span class=\"w-tabs-item-title\">Promocions<\/span><\/a><\/div>\n<div class=\"w-tabs-item\"><a href=\"#1506073906134-737bc03d-51d9\" class=\"w-tabs-item-h\"><span class=\"w-tabs-item-title\">Altres promocions<\/span><\/a><\/div>\n<\/div><\/div><div class=\"w-tabs-sections\"><div class=\"w-tabs-sections-h\"><div class=\"w-tabs-section\" id=\"1506073906102-50c2e456-661f\"><a href=\"#1506073906102-50c2e456-661f\" class=\"w-tabs-section-header\"><div class=\"w-tabs-section-header-h\"><h5 class=\"w-tabs-section-title\">Promocions<\/h5><div class=\"w-tabs-section-control\"><\/div><\/div><\/a><div class=\"w-tabs-section-content\"><div class=\"w-tabs-section-content-h i-cf\"><\/div><\/div><\/div><div class=\"w-tabs-section\" id=\"1506073906134-737bc03d-51d9\"><a href=\"#1506073906134-737bc03d-51d9\" class=\"w-tabs-section-header\"><div class=\"w-tabs-section-header-h\"><h5 class=\"w-tabs-section-title\">Altres promocions<\/h5><div class=\"w-tabs-section-control\"><\/div><\/div><\/a><div class=\"w-tabs-section-content\"><div class=\"w-tabs-section-content-h i-cf\"><div class=\"g-cols wpb_row type_default valign_top vc_inner \"><div class=\"vc_col-sm-6 wpb_column vc_column_container\"><div class=\"vc_column-inner\"><div class=\"wpb_wrapper\">\r\n\t<div class=\"wpb_text_column \">\r\n\t\t<div class=\"wpb_wrapper\">\r\n\t\t\t<ul>\n<li>Mo\u00ebt<\/li>\n<li>Mo\u00ebt Ros\u00e9<\/li>\n<li>Mo\u00ebt Magnum<\/li>\n<li>Clicquot<\/li>\n<li>Clicquot Naturally<\/li>\n<li>Clicquot Ros\u00e9 Clicqu&#8217;up<\/li>\n<li>Marqu\u00e9s de Murrieta<\/li>\n<li>Freixenet RVA. Real<\/li>\n<li>Vilarnau Gran RVA.<\/li>\n<li>Monasterio del Tallat<\/li>\n<\/ul>\n\r\n\t\t<\/div>\r\n\t<\/div>\r\n<\/div><\/div><\/div><div class=\"vc_col-sm-6 wpb_column vc_column_container\"><div class=\"vc_column-inner\"><div class=\"wpb_wrapper\"><div class=\"w-image\"><div class=\"w-image-h\"><img width=\"350\" height=\"350\" src=\"https:\/\/i0.wp.com\/cellerdalmau.es\/wp-content\/uploads\/2017\/09\/plato_galeria_plato-cellerdalmau-celler-dalmau-92901.jpg?resize=350%2C350&amp;ssl=1\" class=\"attachment-tnail-1x1-small size-tnail-1x1-small\" alt=\"\" loading=\"lazy\" srcset=\"https:\/\/i0.wp.com\/cellerdalmau.es\/wp-content\/uploads\/2017\/09\/plato_galeria_plato-cellerdalmau-celler-dalmau-92901.jpg?resize=150%2C150&amp;ssl=1 150w, https:\/\/i0.wp.com\/cellerdalmau.es\/wp-content\/uploads\/2017\/09\/plato_galeria_plato-cellerdalmau-celler-dalmau-92901.jpg?resize=600%2C600&amp;ssl=1 600w, https:\/\/i0.wp.com\/cellerdalmau.es\/wp-content\/uploads\/2017\/09\/plato_galeria_plato-cellerdalmau-celler-dalmau-92901.jpg?resize=350%2C350&amp;ssl=1 350w, https:\/\/i0.wp.com\/cellerdalmau.es\/wp-content\/uploads\/2017\/09\/plato_galeria_plato-cellerdalmau-celler-dalmau-92901.jpg?zoom=2&amp;resize=350%2C350 700w, https:\/\/i0.wp.com\/cellerdalmau.es\/wp-content\/uploads\/2017\/09\/plato_galeria_plato-cellerdalmau-celler-dalmau-92901.jpg?zoom=3&amp;resize=350%2C350 1050w\" sizes=\"(max-width: 350px) 100vw, 350px\" data-attachment-id=\"254\" data-permalink=\"https:\/\/cellerdalmau.es\/promociones\/plato_galeria_plato-cellerdalmau-celler-dalmau-92901\/\" data-orig-file=\"https:\/\/i0.wp.com\/cellerdalmau.es\/wp-content\/uploads\/2017\/09\/plato_galeria_plato-cellerdalmau-celler-dalmau-92901.jpg?fit=1500%2C1125&amp;ssl=1\" data-orig-size=\"1500,1125\" data-comments-opened=\"1\" data-image-meta=\"{&quot;aperture&quot;:&quot;0&quot;,&quot;credit&quot;:&quot;&quot;,&quot;camera&quot;:&quot;&quot;,&quot;caption&quot;:&quot;&quot;,&quot;created_timestamp&quot;:&quot;0&quot;,&quot;copyright&quot;:&quot;&quot;,&quot;focal_length&quot;:&quot;0&quot;,&quot;iso&quot;:&quot;0&quot;,&quot;shutter_speed&quot;:&quot;0&quot;,&quot;title&quot;:&quot;&quot;,&quot;orientation&quot;:&quot;0&quot;}\" data-image-title=\"plato_galeria_plato-cellerdalmau-celler-dalmau-92901\" data-image-description=\"\" data-medium-file=\"https:\/\/i0.wp.com\/cellerdalmau.es\/wp-content\/uploads\/2017\/09\/plato_galeria_plato-cellerdalmau-celler-dalmau-92901.jpg?fit=300%2C225&amp;ssl=1\" data-large-file=\"https:\/\/i0.wp.com\/cellerdalmau.es\/wp-content\/uploads\/2017\/09\/plato_galeria_plato-cellerdalmau-celler-dalmau-92901.jpg?fit=1024%2C768&amp;ssl=1\" \/><\/div><\/div><\/div><\/div><\/div><\/div><\/div><\/div><\/div><\/div><\/div><\/div><\/div><\/div><\/div><\/div><\/div><\/section>\n","protected":false},"excerpt":{"rendered":"[vc_empty_space height=\"90px\"] Promocions [vc_empty_space height=\"20px\"]Promocions Altres promocions PromocionsAltres promocions Mo\u00ebt Mo\u00ebt Ros\u00e9 Mo\u00ebt Magnum Clicquot Clicquot Naturally Clicquot Ros\u00e9 Clicqu'up Marqu\u00e9s de Murrieta Freixenet RVA. Real Vilarnau Gran RVA. Monasterio del Tallat","protected":false},"author":1,"featured_media":0,"parent":0,"menu_order":0,"comment_status":"closed","ping_status":"closed","template":"","meta":{"spay_email":""},"jetpack_sharing_enabled":true,"jetpack_shortlink":"https:\/\/wp.me\/P9j7ef-g8","jetpack_likes_enabled":true,"jetpack-related-posts":[],"_links":{"self":[{"href":"https:\/\/cellerdalmau.es\/ca\/wp-json\/wp\/v2\/pages\/1000"}],"collection":[{"href":"https:\/\/cellerdalmau.es\/ca\/wp-json\/wp\/v2\/pages"}],"about":[{"href":"https:\/\/cellerdalmau.es\/ca\/wp-json\/wp\/v2\/types\/page"}],"author":[{"embeddable":true,"href":"https:\/\/cellerdalmau.es\/ca\/wp-json\/wp\/v2\/users\/1"}],"replies":[{"embeddable":true,"href":"https:\/\/cellerdalmau.es\/ca\/wp-json\/wp\/v2\/comments?post=1000"}],"version-history":[{"count":3,"href":"https:\/\/cellerdalmau.es\/ca\/wp-json\/wp\/v2\/pages\/1000\/revisions"}],"predecessor-version":[{"id":1279,"href":"https:\/\/cellerdalmau.es\/ca\/wp-json\/wp\/v2\/pages\/1000\/revisions\/1279"}],"wp:attachment":[{"href":"https:\/\/cellerdalmau.es\/ca\/wp-json\/wp\/v2\/media?parent=1000"}],"curies":[{"name":"wp","href":"https:\/\/api.w.org\/{rel}","templated":true}]}}