{"id":1001,"date":"2017-10-10T11:13:21","date_gmt":"2017-10-10T11:13:21","guid":{"rendered":"http:\/\/cellerdalmau.es\/?page_id=1001&#038;lang=ca"},"modified":"2017-10-10T14:54:00","modified_gmt":"2017-10-10T14:54:00","slug":"serveis","status":"publish","type":"page","link":"https:\/\/cellerdalmau.es\/ca\/serveis\/","title":{"rendered":"SERVEIS"},"content":{"rendered":"<section class=\"l-section wpb_row height_small with_img\"><div class=\"l-section-img\" style=\"background-image: url(https:\/\/i2.wp.com\/cellerdalmau.es\/wp-content\/uploads\/2017\/09\/elisha-terada-2370932-1.jpg?fit=2000%2C300&ssl=1);\" data-img-width=\"2000\" data-img-height=\"300\"><\/div><div class=\"l-section-h i-cf\"><div class=\"g-cols vc_row type_default valign_top\"><div class=\"vc_col-sm-12 wpb_column vc_column_container\"><div class=\"vc_column-inner\"><div class=\"wpb_wrapper\">[vc_empty_space height=&#8221;90px&#8221;]<\/div><\/div><\/div><\/div><\/div><\/section><section class=\"l-section wpb_row height_small\"><div class=\"l-section-h i-cf\"><div class=\"g-cols vc_row type_default valign_top\"><div class=\"vc_col-sm-12 wpb_column vc_column_container\"><div class=\"vc_column-inner\"><div class=\"wpb_wrapper\"><div class=\"g-cols wpb_row type_default valign_top vc_inner \"><div class=\"vc_col-sm-12 wpb_column vc_column_container\"><div class=\"vc_column-inner\"><div class=\"wpb_wrapper\">\r\n\t<div class=\"wpb_text_column \">\r\n\t\t<div class=\"wpb_wrapper\">\r\n\t\t\t<h1 style=\"text-align: center;\">SERVEIS<\/h1>\n\r\n\t\t<\/div>\r\n\t<\/div>\r\n<div class=\"w-separator type_default size_small thick_1 style_solid color_border cont_none\"><span class=\"w-separator-h\"><\/span><\/div><\/div><\/div><\/div><\/div><div class=\"g-cols wpb_row type_default valign_top vc_inner \"><div class=\"vc_col-sm-6 wpb_column vc_column_container\"><div class=\"vc_column-inner\"><div class=\"wpb_wrapper\">\r\n\t<div class=\"wpb_text_column \">\r\n\t\t<div class=\"wpb_wrapper\">\r\n\t\t\t<h4><span class=\"hps\">Celler Dalmau som una empresa dedicada a l&#8217;assessoria, venda i distribuci\u00f3 de vins.<\/span><\/h4>\n<h4>Els nostres principals clients s\u00f3n restaurants, particulars i amants del vi.<\/h4>\n<h4>Treballem constantment buscant els millors elaboradors de petits cellers familiars, on l&#8217;esfor\u00e7 i la dedicaci\u00f3 per la terra i la vinya, es veuen reflectits en els seus vins, en els quals preval la qualitat, la defensa del aut\u00f2cton i la tipicitat de cada s\u00f2l.<\/h4>\n\r\n\t\t<\/div>\r\n\t<\/div>\r\n<\/div><\/div><\/div><div class=\"vc_col-sm-6 wpb_column vc_column_container\"><div class=\"vc_column-inner\"><div class=\"wpb_wrapper\"><div class=\"w-iconbox iconpos_left style_default color_primary no_text\"><div class=\"w-iconbox-icon\" style=\"font-size:30px;\"><i class=\"fa fa-cutlery\"><\/i><\/div><div class=\"w-iconbox-meta\"><h4 class=\"w-iconbox-title\">Celebracions <\/h4><\/div><\/div>[vc_empty_space height=&#8221;36px&#8221;]<div class=\"w-iconbox iconpos_left style_default color_primary no_text\"><div class=\"w-iconbox-icon\" style=\"font-size:30px;\"><i class=\"fa fa-heart\"><\/i><\/div><div class=\"w-iconbox-meta\"><h4 class=\"w-iconbox-title\">Enlla\u00e7os<\/h4><\/div><\/div>[vc_empty_space height=&#8221;36px&#8221;]<div class=\"w-iconbox iconpos_left style_default color_primary no_text\"><div class=\"w-iconbox-icon\" style=\"font-size:30px;\"><i class=\"fa fa-birthday-cake\"><\/i><\/div><div class=\"w-iconbox-meta\"><h4 class=\"w-iconbox-title\"> Aniversaris<\/h4><\/div><\/div>[vc_empty_space height=&#8221;36px&#8221;]<div class=\"w-iconbox iconpos_left style_default color_primary no_text\"><div class=\"w-iconbox-icon\" style=\"font-size:30px;\"><i class=\"fa fa-gift\"><\/i><\/div><div class=\"w-iconbox-meta\"><h4 class=\"w-iconbox-title\">Festes<\/h4><\/div><\/div>[vc_empty_space height=&#8221;36px&#8221;]<div class=\"w-iconbox iconpos_left style_default color_primary no_text\"><div class=\"w-iconbox-icon\" style=\"font-size:30px;\"><i class=\"fa fa-tree\"><\/i><\/div><div class=\"w-iconbox-meta\"><h4 class=\"w-iconbox-title\">Regals personalitzats de Nadal<\/h4><\/div><\/div>[vc_empty_space height=&#8221;36px&#8221;]<div class=\"w-iconbox iconpos_left style_default color_primary no_text\"><div class=\"w-iconbox-icon\" style=\"font-size:30px;\"><i class=\"fa fa-truck\"><\/i><\/div><div class=\"w-iconbox-meta\"><h4 class=\"w-iconbox-title\">Entregues a domicili<\/h4><\/div><\/div><\/div><\/div><\/div><\/div><\/div><\/div><\/div><\/div><\/div><\/section>\n","protected":false},"excerpt":{"rendered":"[vc_empty_space height=\"90px\"] SERVEIS Celler Dalmau som una empresa dedicada a l'assessoria, venda i distribuci\u00f3 de vins. Els nostres principals clients s\u00f3n restaurants, particulars i amants del vi. Treballem constantment buscant els millors elaboradors de petits cellers familiars, on l'esfor\u00e7 i la dedicaci\u00f3 per la terra i la vinya, es veuen reflectits en els seus vins,...","protected":false},"author":1,"featured_media":0,"parent":0,"menu_order":0,"comment_status":"closed","ping_status":"closed","template":"","meta":{"spay_email":""},"jetpack_sharing_enabled":true,"jetpack_shortlink":"https:\/\/wp.me\/P9j7ef-g9","jetpack_likes_enabled":true,"jetpack-related-posts":[],"_links":{"self":[{"href":"https:\/\/cellerdalmau.es\/ca\/wp-json\/wp\/v2\/pages\/1001"}],"collection":[{"href":"https:\/\/cellerdalmau.es\/ca\/wp-json\/wp\/v2\/pages"}],"about":[{"href":"https:\/\/cellerdalmau.es\/ca\/wp-json\/wp\/v2\/types\/page"}],"author":[{"embeddable":true,"href":"https:\/\/cellerdalmau.es\/ca\/wp-json\/wp\/v2\/users\/1"}],"replies":[{"embeddable":true,"href":"https:\/\/cellerdalmau.es\/ca\/wp-json\/wp\/v2\/comments?post=1001"}],"version-history":[{"count":6,"href":"https:\/\/cellerdalmau.es\/ca\/wp-json\/wp\/v2\/pages\/1001\/revisions"}],"predecessor-version":[{"id":1128,"href":"https:\/\/cellerdalmau.es\/ca\/wp-json\/wp\/v2\/pages\/1001\/revisions\/1128"}],"wp:attachment":[{"href":"https:\/\/cellerdalmau.es\/ca\/wp-json\/wp\/v2\/media?parent=1001"}],"curies":[{"name":"wp","href":"https:\/\/api.w.org\/{rel}","templated":true}]}}