{"id":1195,"date":"2017-10-11T10:47:36","date_gmt":"2017-10-11T10:47:36","guid":{"rendered":"http:\/\/cellerdalmau.es\/ca\/?page_id=1195"},"modified":"2017-10-11T10:47:36","modified_gmt":"2017-10-11T10:47:36","slug":"comalats","status":"publish","type":"page","link":"https:\/\/cellerdalmau.es\/ca\/comalats\/","title":{"rendered":"Comalats"},"content":{"rendered":"<section class=\"l-section wpb_row height_small with_img\"><div class=\"l-section-img\" style=\"background-image: url(https:\/\/i1.wp.com\/cellerdalmau.es\/wp-content\/uploads\/2017\/09\/alex-holyoake-1399022-1.jpg?fit=2000%2C300&ssl=1);\" data-img-width=\"2000\" data-img-height=\"300\"><\/div><div class=\"l-section-h i-cf\"><div class=\"g-cols vc_row type_default valign_top\"><div class=\"vc_col-sm-12 wpb_column vc_column_container\"><div class=\"vc_column-inner\"><div class=\"wpb_wrapper\">[vc_empty_space]<\/div><\/div><\/div><\/div><\/div><\/section><section class=\"l-section wpb_row height_small\"><div class=\"l-section-h i-cf\"><div class=\"g-cols vc_row type_default valign_top\"><div class=\"vc_col-sm-6 wpb_column vc_column_container\"><div class=\"vc_column-inner\"><div class=\"wpb_wrapper\">\r\n\t<div class=\"wpb_text_column \">\r\n\t\t<div class=\"wpb_wrapper\">\r\n\t\t\t<h1 style=\"text-align: center;\">Comalats<\/h1>\n\r\n\t\t<\/div>\r\n\t<\/div>\r\n<div class=\"w-image align_center style_shadow-1 animate_afl\"><div class=\"w-image-h\"><a href=\"https:\/\/i0.wp.com\/cellerdalmau.es\/wp-content\/uploads\/2017\/09\/plato_galeria_plato-cellerdalmau-celler-dalmau-82555.jpg?fit=300%2C500&#038;ssl=1\" ref=\"magnificPopup\"><img width=\"300\" height=\"500\" src=\"https:\/\/i0.wp.com\/cellerdalmau.es\/wp-content\/uploads\/2017\/09\/plato_galeria_plato-cellerdalmau-celler-dalmau-82555.jpg?fit=300%2C500&amp;ssl=1\" class=\"attachment-large size-large\" alt=\"\" loading=\"lazy\" srcset=\"https:\/\/i0.wp.com\/cellerdalmau.es\/wp-content\/uploads\/2017\/09\/plato_galeria_plato-cellerdalmau-celler-dalmau-82555.jpg?w=300&amp;ssl=1 300w, https:\/\/i0.wp.com\/cellerdalmau.es\/wp-content\/uploads\/2017\/09\/plato_galeria_plato-cellerdalmau-celler-dalmau-82555.jpg?resize=180%2C300&amp;ssl=1 180w\" sizes=\"(max-width: 300px) 100vw, 300px\" data-attachment-id=\"515\" data-permalink=\"https:\/\/cellerdalmau.es\/comalats\/plato_galeria_plato-cellerdalmau-celler-dalmau-82555\/\" data-orig-file=\"https:\/\/i0.wp.com\/cellerdalmau.es\/wp-content\/uploads\/2017\/09\/plato_galeria_plato-cellerdalmau-celler-dalmau-82555.jpg?fit=300%2C500&amp;ssl=1\" data-orig-size=\"300,500\" data-comments-opened=\"1\" data-image-meta=\"{&quot;aperture&quot;:&quot;0&quot;,&quot;credit&quot;:&quot;&quot;,&quot;camera&quot;:&quot;&quot;,&quot;caption&quot;:&quot;&quot;,&quot;created_timestamp&quot;:&quot;0&quot;,&quot;copyright&quot;:&quot;&quot;,&quot;focal_length&quot;:&quot;0&quot;,&quot;iso&quot;:&quot;0&quot;,&quot;shutter_speed&quot;:&quot;0&quot;,&quot;title&quot;:&quot;&quot;,&quot;orientation&quot;:&quot;1&quot;}\" data-image-title=\"plato_galeria_plato-cellerdalmau-celler-dalmau-82555\" data-image-description=\"\" data-medium-file=\"https:\/\/i0.wp.com\/cellerdalmau.es\/wp-content\/uploads\/2017\/09\/plato_galeria_plato-cellerdalmau-celler-dalmau-82555.jpg?fit=180%2C300&amp;ssl=1\" data-large-file=\"https:\/\/i0.wp.com\/cellerdalmau.es\/wp-content\/uploads\/2017\/09\/plato_galeria_plato-cellerdalmau-celler-dalmau-82555.jpg?fit=300%2C500&amp;ssl=1\" \/><\/a><\/div><\/div><div class=\"g-cols wpb_row type_default valign_top vc_inner \"><div class=\"vc_col-sm-12 wpb_column vc_column_container\"><div class=\"vc_column-inner\"><div class=\"wpb_wrapper\">[vc_empty_space]\r\n\t<div class=\"wpb_text_column \">\r\n\t\t<div class=\"wpb_wrapper\">\r\n\t\t\t<h4><span style=\"color: #f2ba66;\">Reserva el producte<\/span><\/h4>\n\r\n\t\t<\/div>\r\n\t<\/div>\r\n<div class=\"w-separator type_default size_small thick_1 style_solid color_border cont_none\"><span class=\"w-separator-h\"><\/span><\/div>[contact-form-7 404 \"Not Found\"]<\/div><\/div><\/div><\/div><\/div><\/div><\/div><div class=\"vc_col-sm-6 wpb_column vc_column_container\"><div class=\"vc_column-inner\"><div class=\"wpb_wrapper\">\r\n\t<div class=\"wpb_text_column \">\r\n\t\t<div class=\"wpb_wrapper\">\r\n\t\t\t<p><strong>VARIETATS:<\/strong><br \/>\nCabernet Sauvignon.<\/p>\n<p><strong>CRIAN\u00c7A:<\/strong><br \/>\n1 any en inox.<\/p>\n<p><strong>TAST:<\/strong><br \/>\nColor cirera intens. En nas expressa uns aromes de fruita vermella amb notes de maduixes i fruites del bosc.<\/p>\n<p>En boca trobem un vi corpulent, voluptu\u00f3s, on els tannins participen amb la seva textura lleugerament t\u00e0nnica. prenen car\u00e0cters de melmelada de fruits vermells. En postgust, gr\u00e0cies a l&#8217;alcohol, ens d\u00f3na sensacions d&#8217;espiritu\u00f3s.<\/p>\n<p><strong>GASTRONOMIA:<\/strong><br \/>\nPot acompanyar arrossos de carn, embotits, carns blanques, formatges curats.<\/p>\n<p><strong>PREU: 8.80\u20ac<\/strong><\/p>\n\r\n\t\t<\/div>\r\n\t<\/div>\r\n<\/div><\/div><\/div><\/div><\/div><\/section>\n","protected":false},"excerpt":{"rendered":"[vc_empty_space] Comalats [vc_empty_space] Reserva el producte [contact-form-7 404 \"Not Found\"] VARIETATS: Cabernet Sauvignon. CRIAN\u00c7A: 1 any en inox. TAST: Color cirera intens. En nas expressa uns aromes de fruita vermella amb notes de maduixes i fruites del bosc. En boca trobem un vi corpulent, voluptu\u00f3s, on els tannins participen amb la seva textura lleugerament t\u00e0nnica....","protected":false},"author":1,"featured_media":0,"parent":0,"menu_order":0,"comment_status":"closed","ping_status":"closed","template":"","meta":{"spay_email":""},"jetpack_sharing_enabled":true,"jetpack_shortlink":"https:\/\/wp.me\/P9j7ef-jh","jetpack_likes_enabled":true,"jetpack-related-posts":[],"_links":{"self":[{"href":"https:\/\/cellerdalmau.es\/ca\/wp-json\/wp\/v2\/pages\/1195"}],"collection":[{"href":"https:\/\/cellerdalmau.es\/ca\/wp-json\/wp\/v2\/pages"}],"about":[{"href":"https:\/\/cellerdalmau.es\/ca\/wp-json\/wp\/v2\/types\/page"}],"author":[{"embeddable":true,"href":"https:\/\/cellerdalmau.es\/ca\/wp-json\/wp\/v2\/users\/1"}],"replies":[{"embeddable":true,"href":"https:\/\/cellerdalmau.es\/ca\/wp-json\/wp\/v2\/comments?post=1195"}],"version-history":[{"count":1,"href":"https:\/\/cellerdalmau.es\/ca\/wp-json\/wp\/v2\/pages\/1195\/revisions"}],"predecessor-version":[{"id":1201,"href":"https:\/\/cellerdalmau.es\/ca\/wp-json\/wp\/v2\/pages\/1195\/revisions\/1201"}],"wp:attachment":[{"href":"https:\/\/cellerdalmau.es\/ca\/wp-json\/wp\/v2\/media?parent=1195"}],"curies":[{"name":"wp","href":"https:\/\/api.w.org\/{rel}","templated":true}]}}