{"id":997,"date":"2017-10-10T11:11:16","date_gmt":"2017-10-10T11:11:16","guid":{"rendered":"http:\/\/cellerdalmau.es\/?page_id=997&#038;lang=ca"},"modified":"2017-10-10T14:28:31","modified_gmt":"2017-10-10T14:28:31","slug":"marcas-exclusivas","status":"publish","type":"page","link":"https:\/\/cellerdalmau.es\/ca\/marcas-exclusivas\/","title":{"rendered":"MARQUES EXCLUSIVES"},"content":{"rendered":"<section class=\"l-section wpb_row height_small with_img\"><div class=\"l-section-img\" style=\"background-image: url(https:\/\/i0.wp.com\/cellerdalmau.es\/wp-content\/uploads\/2017\/09\/thomas-schaefer-1293232-1.jpg?fit=2000%2C300&ssl=1);\" data-img-width=\"2000\" data-img-height=\"300\"><\/div><div class=\"l-section-h i-cf\"><div class=\"g-cols vc_row type_default valign_top\"><div class=\"vc_col-sm-12 wpb_column vc_column_container\"><div class=\"vc_column-inner\"><div class=\"wpb_wrapper\">[vc_empty_space height=&#8221;90px&#8221;]<\/div><\/div><\/div><\/div><\/div><\/section><section class=\"l-section wpb_row height_small\"><div class=\"l-section-h i-cf\"><div class=\"g-cols vc_row type_default valign_top vc_column-gap-10\"><div class=\"vc_col-sm-12 wpb_column vc_column_container\"><div class=\"vc_column-inner\"><div class=\"wpb_wrapper\"><div class=\"g-cols wpb_row type_default valign_top vc_inner \"><div class=\"vc_col-sm-12 wpb_column vc_column_container\"><div class=\"vc_column-inner\"><div class=\"wpb_wrapper\">\r\n\t<div class=\"wpb_text_column \">\r\n\t\t<div class=\"wpb_wrapper\">\r\n\t\t\t<h1 style=\"text-align: center;\">MARQUES EXCLUSIVES<\/h1>\n\r\n\t\t<\/div>\r\n\t<\/div>\r\n<div class=\"w-separator type_default size_small thick_1 style_solid color_border cont_none\"><span class=\"w-separator-h\"><\/span><\/div><\/div><\/div><\/div><\/div><div class=\"w-tabs navpos_left navwidth_auto title_left layout_ver icon_chevron iconpos_right \"><div class=\"w-tabs-list items_4\"><div class=\"w-tabs-list-h\"><div class=\"w-tabs-item active\"><a href=\"#1506079839663-2953ab83-3041\" class=\"w-tabs-item-h\"><span class=\"w-tabs-item-title\">St Petroni<\/span><\/a><\/div>\n<div class=\"w-tabs-item\"><a href=\"#1507307634248-5ba3a668-67b7\" class=\"w-tabs-item-h\"><span class=\"w-tabs-item-title\">Finca Ca N\u2019Estlla<\/span><\/a><\/div>\n<div class=\"w-tabs-item\"><a href=\"#1507307641057-9647909b-6efb\" class=\"w-tabs-item-h\"><span class=\"w-tabs-item-title\">Mas comtal<\/span><\/a><\/div>\n<div class=\"w-tabs-item\"><a href=\"#1507307939461-6530a1ea-f97d\" class=\"w-tabs-item-h\"><span class=\"w-tabs-item-title\">Rosmas<\/span><\/a><\/div>\n<\/div><\/div><div class=\"w-tabs-sections\"><div class=\"w-tabs-sections-h\"><div class=\"w-tabs-section active\" id=\"1506079839663-2953ab83-3041\"><a href=\"#1506079839663-2953ab83-3041\" class=\"w-tabs-section-header\"><div class=\"w-tabs-section-header-h\"><h5 class=\"w-tabs-section-title\">St Petroni<\/h5><div class=\"w-tabs-section-control\"><\/div><\/div><\/a><div class=\"w-tabs-section-content\"><div class=\"w-tabs-section-content-h i-cf\"><div class=\"g-cols wpb_row type_default valign_top vc_inner \"><div class=\"vc_col-sm-6 wpb_column vc_column_container\"><div class=\"vc_column-inner\"><div class=\"wpb_wrapper\">\r\n\t<div class=\"wpb_text_column \">\r\n\t\t<div class=\"wpb_wrapper\">\r\n\t\t\t<p>El vermut vermell St. Petroni s&#8217;elabora a partir de ra\u00efms de la varietat albari\u00f1o procedents del Pazo Arret\u00e9n, els vinyes estan especialment mimats pel microclima de la vall del Padr\u00f3n.<\/p>\n<p>Vinificaci\u00f3 sobre lies per obtenir matisos diferenciadors tant en olors, com en sabors i textura. Maceraci\u00f3 controlada de 29 plantes. Posterior rep\u00f2s i filtrat.<\/p>\n\r\n\t\t<\/div>\r\n\t<\/div>\r\n<div class=\"w-image\"><div class=\"w-image-h\"><img width=\"700\" height=\"466\" src=\"https:\/\/i0.wp.com\/cellerdalmau.es\/wp-content\/uploads\/2017\/09\/st_petroni.jpg?fit=700%2C466&amp;ssl=1\" class=\"attachment-large size-large\" alt=\"\" loading=\"lazy\" srcset=\"https:\/\/i0.wp.com\/cellerdalmau.es\/wp-content\/uploads\/2017\/09\/st_petroni.jpg?w=700&amp;ssl=1 700w, https:\/\/i0.wp.com\/cellerdalmau.es\/wp-content\/uploads\/2017\/09\/st_petroni.jpg?resize=300%2C200&amp;ssl=1 300w\" sizes=\"(max-width: 700px) 100vw, 700px\" data-attachment-id=\"377\" data-permalink=\"https:\/\/cellerdalmau.es\/marcas-exclusivas\/st_petroni\/\" data-orig-file=\"https:\/\/i0.wp.com\/cellerdalmau.es\/wp-content\/uploads\/2017\/09\/st_petroni.jpg?fit=700%2C466&amp;ssl=1\" data-orig-size=\"700,466\" data-comments-opened=\"1\" data-image-meta=\"{&quot;aperture&quot;:&quot;0&quot;,&quot;credit&quot;:&quot;&quot;,&quot;camera&quot;:&quot;&quot;,&quot;caption&quot;:&quot;&quot;,&quot;created_timestamp&quot;:&quot;0&quot;,&quot;copyright&quot;:&quot;&quot;,&quot;focal_length&quot;:&quot;0&quot;,&quot;iso&quot;:&quot;0&quot;,&quot;shutter_speed&quot;:&quot;0&quot;,&quot;title&quot;:&quot;&quot;,&quot;orientation&quot;:&quot;0&quot;}\" data-image-title=\"st_petroni\" data-image-description=\"\" data-medium-file=\"https:\/\/i0.wp.com\/cellerdalmau.es\/wp-content\/uploads\/2017\/09\/st_petroni.jpg?fit=300%2C200&amp;ssl=1\" data-large-file=\"https:\/\/i0.wp.com\/cellerdalmau.es\/wp-content\/uploads\/2017\/09\/st_petroni.jpg?fit=700%2C466&amp;ssl=1\" \/><\/div><\/div><\/div><\/div><\/div><div class=\"vc_col-sm-6 wpb_column vc_column_container animate_afl\"><div class=\"vc_column-inner\"><div class=\"wpb_wrapper\"><div class=\"w-image\"><div class=\"w-image-h\"><img width=\"460\" height=\"480\" src=\"https:\/\/i1.wp.com\/cellerdalmau.es\/wp-content\/uploads\/2017\/09\/logo.png?fit=460%2C480&amp;ssl=1\" class=\"attachment-large size-large\" alt=\"\" loading=\"lazy\" srcset=\"https:\/\/i1.wp.com\/cellerdalmau.es\/wp-content\/uploads\/2017\/09\/logo.png?w=460&amp;ssl=1 460w, https:\/\/i1.wp.com\/cellerdalmau.es\/wp-content\/uploads\/2017\/09\/logo.png?resize=288%2C300&amp;ssl=1 288w\" sizes=\"(max-width: 460px) 100vw, 460px\" data-attachment-id=\"376\" data-permalink=\"https:\/\/cellerdalmau.es\/marcas-exclusivas\/logo-2\/\" data-orig-file=\"https:\/\/i1.wp.com\/cellerdalmau.es\/wp-content\/uploads\/2017\/09\/logo.png?fit=460%2C480&amp;ssl=1\" data-orig-size=\"460,480\" data-comments-opened=\"1\" data-image-meta=\"{&quot;aperture&quot;:&quot;0&quot;,&quot;credit&quot;:&quot;&quot;,&quot;camera&quot;:&quot;&quot;,&quot;caption&quot;:&quot;&quot;,&quot;created_timestamp&quot;:&quot;0&quot;,&quot;copyright&quot;:&quot;&quot;,&quot;focal_length&quot;:&quot;0&quot;,&quot;iso&quot;:&quot;0&quot;,&quot;shutter_speed&quot;:&quot;0&quot;,&quot;title&quot;:&quot;&quot;,&quot;orientation&quot;:&quot;0&quot;}\" data-image-title=\"logo\" data-image-description=\"\" data-medium-file=\"https:\/\/i1.wp.com\/cellerdalmau.es\/wp-content\/uploads\/2017\/09\/logo.png?fit=288%2C300&amp;ssl=1\" data-large-file=\"https:\/\/i1.wp.com\/cellerdalmau.es\/wp-content\/uploads\/2017\/09\/logo.png?fit=460%2C480&amp;ssl=1\" \/><\/div><\/div><\/div><\/div><\/div><\/div><\/div><\/div><\/div><div class=\"w-tabs-section\" id=\"1507307634248-5ba3a668-67b7\"><a href=\"#1507307634248-5ba3a668-67b7\" class=\"w-tabs-section-header\"><div class=\"w-tabs-section-header-h\"><h5 class=\"w-tabs-section-title\">Finca Ca N\u2019Estlla<\/h5><div class=\"w-tabs-section-control\"><\/div><\/div><\/a><div class=\"w-tabs-section-content\"><div class=\"w-tabs-section-content-h i-cf\"><div class=\"g-cols wpb_row type_default valign_top vc_inner \"><div class=\"vc_col-sm-6 wpb_column vc_column_container\"><div class=\"vc_column-inner\"><div class=\"wpb_wrapper\">\r\n\t<div class=\"wpb_text_column \">\r\n\t\t<div class=\"wpb_wrapper\">\r\n\t\t\t<p id=\"u3779-4\"><span id=\"u3779-3\" class=\"txt\">La filosofia de treball dels Rabetllat i Vidal es basa en un ferm esfor\u00e7 per obtenir els millors ra\u00efms, i en una constant qualitat al llarg del temps perqu\u00e8, any rere any i verema rere verema, puguin garantir l&#8217;excel\u00b7l\u00e8ncia dels seus vins.<\/span><\/p>\n<p id=\"u3779-6\"><span id=\"u3779-5\" class=\"txt\">A aquest objectiu s&#8217;apliquen tota la sensatesa i el bon judici d&#8217;aquesta fam\u00edlia, a la qual el bon criteri, el treball i la perseveran\u00e7a han portat a aconseguir vins amb reconeixement internacional.<\/span><\/p>\n\r\n\t\t<\/div>\r\n\t<\/div>\r\n<div class=\"w-image\"><div class=\"w-image-h\"><img width=\"922\" height=\"674\" src=\"https:\/\/i1.wp.com\/cellerdalmau.es\/wp-content\/uploads\/2017\/09\/18721890_1995973917298030_5245137473465483264_n.jpg?fit=922%2C674&amp;ssl=1\" class=\"attachment-large size-large\" alt=\"\" loading=\"lazy\" srcset=\"https:\/\/i1.wp.com\/cellerdalmau.es\/wp-content\/uploads\/2017\/09\/18721890_1995973917298030_5245137473465483264_n.jpg?w=922&amp;ssl=1 922w, https:\/\/i1.wp.com\/cellerdalmau.es\/wp-content\/uploads\/2017\/09\/18721890_1995973917298030_5245137473465483264_n.jpg?resize=300%2C219&amp;ssl=1 300w, https:\/\/i1.wp.com\/cellerdalmau.es\/wp-content\/uploads\/2017\/09\/18721890_1995973917298030_5245137473465483264_n.jpg?resize=768%2C561&amp;ssl=1 768w\" sizes=\"(max-width: 922px) 100vw, 922px\" data-attachment-id=\"896\" data-permalink=\"https:\/\/cellerdalmau.es\/marcas-exclusivas\/18721890_1995973917298030_5245137473465483264_n\/\" data-orig-file=\"https:\/\/i1.wp.com\/cellerdalmau.es\/wp-content\/uploads\/2017\/09\/18721890_1995973917298030_5245137473465483264_n.jpg?fit=922%2C674&amp;ssl=1\" data-orig-size=\"922,674\" data-comments-opened=\"1\" data-image-meta=\"{&quot;aperture&quot;:&quot;0&quot;,&quot;credit&quot;:&quot;&quot;,&quot;camera&quot;:&quot;&quot;,&quot;caption&quot;:&quot;&quot;,&quot;created_timestamp&quot;:&quot;0&quot;,&quot;copyright&quot;:&quot;&quot;,&quot;focal_length&quot;:&quot;0&quot;,&quot;iso&quot;:&quot;0&quot;,&quot;shutter_speed&quot;:&quot;0&quot;,&quot;title&quot;:&quot;&quot;,&quot;orientation&quot;:&quot;1&quot;}\" data-image-title=\"18721890_1995973917298030_5245137473465483264_n\" data-image-description=\"\" data-medium-file=\"https:\/\/i1.wp.com\/cellerdalmau.es\/wp-content\/uploads\/2017\/09\/18721890_1995973917298030_5245137473465483264_n.jpg?fit=300%2C219&amp;ssl=1\" data-large-file=\"https:\/\/i1.wp.com\/cellerdalmau.es\/wp-content\/uploads\/2017\/09\/18721890_1995973917298030_5245137473465483264_n.jpg?fit=922%2C674&amp;ssl=1\" \/><\/div><\/div><\/div><\/div><\/div><div class=\"vc_col-sm-6 wpb_column vc_column_container animate_afl\"><div class=\"vc_column-inner\"><div class=\"wpb_wrapper\"><div class=\"w-image\"><div class=\"w-image-h\"><img width=\"1024\" height=\"238\" src=\"https:\/\/i2.wp.com\/cellerdalmau.es\/wp-content\/uploads\/2017\/09\/estrellaweb-1.png?fit=1024%2C238&amp;ssl=1\" class=\"attachment-large size-large\" alt=\"\" loading=\"lazy\" srcset=\"https:\/\/i2.wp.com\/cellerdalmau.es\/wp-content\/uploads\/2017\/09\/estrellaweb-1.png?w=1154&amp;ssl=1 1154w, https:\/\/i2.wp.com\/cellerdalmau.es\/wp-content\/uploads\/2017\/09\/estrellaweb-1.png?resize=300%2C70&amp;ssl=1 300w, https:\/\/i2.wp.com\/cellerdalmau.es\/wp-content\/uploads\/2017\/09\/estrellaweb-1.png?resize=768%2C178&amp;ssl=1 768w, https:\/\/i2.wp.com\/cellerdalmau.es\/wp-content\/uploads\/2017\/09\/estrellaweb-1.png?resize=1024%2C238&amp;ssl=1 1024w\" sizes=\"(max-width: 1024px) 100vw, 1024px\" data-attachment-id=\"887\" data-permalink=\"https:\/\/cellerdalmau.es\/pagina-ejemplo\/estrellaweb-2\/\" data-orig-file=\"https:\/\/i2.wp.com\/cellerdalmau.es\/wp-content\/uploads\/2017\/09\/estrellaweb-1.png?fit=1154%2C268&amp;ssl=1\" data-orig-size=\"1154,268\" data-comments-opened=\"1\" data-image-meta=\"{&quot;aperture&quot;:&quot;0&quot;,&quot;credit&quot;:&quot;&quot;,&quot;camera&quot;:&quot;&quot;,&quot;caption&quot;:&quot;&quot;,&quot;created_timestamp&quot;:&quot;0&quot;,&quot;copyright&quot;:&quot;&quot;,&quot;focal_length&quot;:&quot;0&quot;,&quot;iso&quot;:&quot;0&quot;,&quot;shutter_speed&quot;:&quot;0&quot;,&quot;title&quot;:&quot;&quot;,&quot;orientation&quot;:&quot;0&quot;}\" data-image-title=\"estrellaweb\" data-image-description=\"\" data-medium-file=\"https:\/\/i2.wp.com\/cellerdalmau.es\/wp-content\/uploads\/2017\/09\/estrellaweb-1.png?fit=300%2C70&amp;ssl=1\" data-large-file=\"https:\/\/i2.wp.com\/cellerdalmau.es\/wp-content\/uploads\/2017\/09\/estrellaweb-1.png?fit=1024%2C238&amp;ssl=1\" \/><\/div><\/div><\/div><\/div><\/div><\/div><\/div><\/div><\/div><div class=\"w-tabs-section\" id=\"1507307641057-9647909b-6efb\"><a href=\"#1507307641057-9647909b-6efb\" class=\"w-tabs-section-header\"><div class=\"w-tabs-section-header-h\"><h5 class=\"w-tabs-section-title\">Mas comtal<\/h5><div class=\"w-tabs-section-control\"><\/div><\/div><\/a><div class=\"w-tabs-section-content\"><div class=\"w-tabs-section-content-h i-cf\"><div class=\"g-cols wpb_row type_default valign_top vc_inner \"><div class=\"vc_col-sm-6 wpb_column vc_column_container\"><div class=\"vc_column-inner\"><div class=\"wpb_wrapper\">\r\n\t<div class=\"wpb_text_column \">\r\n\t\t<div class=\"wpb_wrapper\">\r\n\t\t\t<p>La finca,\u00a0propietat de la mateixa fam\u00edlia des del 1355, la pertinen\u00e7a de la qual al comtat barcelon\u00ed a inicis del segon mil\u00b7lenni va ser l&#8217;origen del seu actual nom MAS COMTAL. El seu estatus de propietat agr\u00edcola familiar comen\u00e7a a finals del segle XIV i des de mitjans del segle XVIII porta el cognom de MIL\u00c0.<\/p>\n<p>Marta Mil\u00e0 n&#8217;\u00e9s la responsable de la gesti\u00f3 del celler i del conreu de les vinyes i juntament amb la resta del seu equip, elaboren Vins ecol\u00f2gics d&#8217;Autor.<\/p>\n\r\n\t\t<\/div>\r\n\t<\/div>\r\n<div class=\"w-image\"><div class=\"w-image-h\"><img width=\"1024\" height=\"683\" src=\"https:\/\/i1.wp.com\/cellerdalmau.es\/wp-content\/uploads\/2017\/09\/Massclassic-penedes-mas-comtal-5.jpg?fit=1024%2C683&amp;ssl=1\" class=\"attachment-large size-large\" alt=\"\" loading=\"lazy\" srcset=\"https:\/\/i1.wp.com\/cellerdalmau.es\/wp-content\/uploads\/2017\/09\/Massclassic-penedes-mas-comtal-5.jpg?w=1536&amp;ssl=1 1536w, https:\/\/i1.wp.com\/cellerdalmau.es\/wp-content\/uploads\/2017\/09\/Massclassic-penedes-mas-comtal-5.jpg?resize=300%2C200&amp;ssl=1 300w, https:\/\/i1.wp.com\/cellerdalmau.es\/wp-content\/uploads\/2017\/09\/Massclassic-penedes-mas-comtal-5.jpg?resize=768%2C512&amp;ssl=1 768w, https:\/\/i1.wp.com\/cellerdalmau.es\/wp-content\/uploads\/2017\/09\/Massclassic-penedes-mas-comtal-5.jpg?resize=1024%2C683&amp;ssl=1 1024w\" sizes=\"(max-width: 1024px) 100vw, 1024px\" data-attachment-id=\"891\" data-permalink=\"https:\/\/cellerdalmau.es\/marcas-exclusivas\/massclassic-penedes-mas-comtal-5\/\" data-orig-file=\"https:\/\/i1.wp.com\/cellerdalmau.es\/wp-content\/uploads\/2017\/09\/Massclassic-penedes-mas-comtal-5.jpg?fit=1536%2C1024&amp;ssl=1\" data-orig-size=\"1536,1024\" data-comments-opened=\"1\" data-image-meta=\"{&quot;aperture&quot;:&quot;0&quot;,&quot;credit&quot;:&quot;&quot;,&quot;camera&quot;:&quot;&quot;,&quot;caption&quot;:&quot;&quot;,&quot;created_timestamp&quot;:&quot;0&quot;,&quot;copyright&quot;:&quot;&quot;,&quot;focal_length&quot;:&quot;0&quot;,&quot;iso&quot;:&quot;0&quot;,&quot;shutter_speed&quot;:&quot;0&quot;,&quot;title&quot;:&quot;&quot;,&quot;orientation&quot;:&quot;0&quot;}\" data-image-title=\"Massclassic-penedes-mas-comtal-5\" data-image-description=\"\" data-medium-file=\"https:\/\/i1.wp.com\/cellerdalmau.es\/wp-content\/uploads\/2017\/09\/Massclassic-penedes-mas-comtal-5.jpg?fit=300%2C200&amp;ssl=1\" data-large-file=\"https:\/\/i1.wp.com\/cellerdalmau.es\/wp-content\/uploads\/2017\/09\/Massclassic-penedes-mas-comtal-5.jpg?fit=1024%2C683&amp;ssl=1\" \/><\/div><\/div><\/div><\/div><\/div><div class=\"vc_col-sm-6 wpb_column vc_column_container animate_afl\"><div class=\"vc_column-inner\"><div class=\"wpb_wrapper\"><div class=\"w-image\"><div class=\"w-image-h\"><img width=\"454\" height=\"200\" src=\"https:\/\/i1.wp.com\/cellerdalmau.es\/wp-content\/uploads\/2017\/09\/masweb.png?fit=454%2C200&amp;ssl=1\" class=\"attachment-large size-large\" alt=\"\" loading=\"lazy\" srcset=\"https:\/\/i1.wp.com\/cellerdalmau.es\/wp-content\/uploads\/2017\/09\/masweb.png?w=454&amp;ssl=1 454w, https:\/\/i1.wp.com\/cellerdalmau.es\/wp-content\/uploads\/2017\/09\/masweb.png?resize=300%2C132&amp;ssl=1 300w\" sizes=\"(max-width: 454px) 100vw, 454px\" data-attachment-id=\"889\" data-permalink=\"https:\/\/cellerdalmau.es\/pagina-ejemplo\/masweb\/\" data-orig-file=\"https:\/\/i1.wp.com\/cellerdalmau.es\/wp-content\/uploads\/2017\/09\/masweb.png?fit=454%2C200&amp;ssl=1\" data-orig-size=\"454,200\" data-comments-opened=\"1\" data-image-meta=\"{&quot;aperture&quot;:&quot;0&quot;,&quot;credit&quot;:&quot;&quot;,&quot;camera&quot;:&quot;&quot;,&quot;caption&quot;:&quot;&quot;,&quot;created_timestamp&quot;:&quot;0&quot;,&quot;copyright&quot;:&quot;&quot;,&quot;focal_length&quot;:&quot;0&quot;,&quot;iso&quot;:&quot;0&quot;,&quot;shutter_speed&quot;:&quot;0&quot;,&quot;title&quot;:&quot;&quot;,&quot;orientation&quot;:&quot;0&quot;}\" data-image-title=\"masweb\" data-image-description=\"\" data-medium-file=\"https:\/\/i1.wp.com\/cellerdalmau.es\/wp-content\/uploads\/2017\/09\/masweb.png?fit=300%2C132&amp;ssl=1\" data-large-file=\"https:\/\/i1.wp.com\/cellerdalmau.es\/wp-content\/uploads\/2017\/09\/masweb.png?fit=454%2C200&amp;ssl=1\" \/><\/div><\/div><\/div><\/div><\/div><\/div><\/div><\/div><\/div><div class=\"w-tabs-section\" id=\"1507307939461-6530a1ea-f97d\"><a href=\"#1507307939461-6530a1ea-f97d\" class=\"w-tabs-section-header\"><div class=\"w-tabs-section-header-h\"><h5 class=\"w-tabs-section-title\">Rosmas<\/h5><div class=\"w-tabs-section-control\"><\/div><\/div><\/a><div class=\"w-tabs-section-content\"><div class=\"w-tabs-section-content-h i-cf\"><div class=\"g-cols wpb_row type_default valign_top vc_inner \"><div class=\"vc_col-sm-6 wpb_column vc_column_container\"><div class=\"vc_column-inner\"><div class=\"wpb_wrapper\">\r\n\t<div class=\"wpb_text_column \">\r\n\t\t<div class=\"wpb_wrapper\">\r\n\t\t\t<p>La hist\u00f2ria de\u00a0Rosmas\u00a0es remunta a l&#8217;any 1925 quan el seu fundador, Josep Ros Capdevila, fill de Francesc Ros\u00a0Caba, d&#8217;una manera molt modesta i artesanal va comen\u00e7ar a elaborar va venir escum\u00f3s, com aix\u00ed es deia llavors.<\/p>\n<p>A la finca de Can Guineu conreava les vinyes a rabassa. Una tercera part del cultiu la va destinar a l\u2019elaboraci\u00f3 de vi per al seu consum personal. A l\u2019any 1942 amb les dades que va deixar el seu pare (alumne d\u2019Alfred Delapierre en la implantaci\u00f3 del m\u00e8tode \u201cchampanoise\u201d en aquest pa\u00eds) va comen\u00e7ar a fer les primeres ampolles de cava per al consum familiar.<\/p>\n\r\n\t\t<\/div>\r\n\t<\/div>\r\n<div class=\"w-image\"><div class=\"w-image-h\"><img width=\"604\" height=\"453\" src=\"https:\/\/i0.wp.com\/cellerdalmau.es\/wp-content\/uploads\/2017\/09\/293421_114981498612073_105939637_n.jpg?fit=604%2C453&amp;ssl=1\" class=\"attachment-large size-large\" alt=\"\" loading=\"lazy\" srcset=\"https:\/\/i0.wp.com\/cellerdalmau.es\/wp-content\/uploads\/2017\/09\/293421_114981498612073_105939637_n.jpg?w=604&amp;ssl=1 604w, https:\/\/i0.wp.com\/cellerdalmau.es\/wp-content\/uploads\/2017\/09\/293421_114981498612073_105939637_n.jpg?resize=300%2C225&amp;ssl=1 300w\" sizes=\"(max-width: 604px) 100vw, 604px\" data-attachment-id=\"893\" data-permalink=\"https:\/\/cellerdalmau.es\/marcas-exclusivas\/293421_114981498612073_105939637_n\/\" data-orig-file=\"https:\/\/i0.wp.com\/cellerdalmau.es\/wp-content\/uploads\/2017\/09\/293421_114981498612073_105939637_n.jpg?fit=604%2C453&amp;ssl=1\" data-orig-size=\"604,453\" data-comments-opened=\"1\" data-image-meta=\"{&quot;aperture&quot;:&quot;0&quot;,&quot;credit&quot;:&quot;&quot;,&quot;camera&quot;:&quot;&quot;,&quot;caption&quot;:&quot;&quot;,&quot;created_timestamp&quot;:&quot;0&quot;,&quot;copyright&quot;:&quot;&quot;,&quot;focal_length&quot;:&quot;0&quot;,&quot;iso&quot;:&quot;0&quot;,&quot;shutter_speed&quot;:&quot;0&quot;,&quot;title&quot;:&quot;&quot;,&quot;orientation&quot;:&quot;0&quot;}\" data-image-title=\"293421_114981498612073_105939637_n\" data-image-description=\"\" data-medium-file=\"https:\/\/i0.wp.com\/cellerdalmau.es\/wp-content\/uploads\/2017\/09\/293421_114981498612073_105939637_n.jpg?fit=300%2C225&amp;ssl=1\" data-large-file=\"https:\/\/i0.wp.com\/cellerdalmau.es\/wp-content\/uploads\/2017\/09\/293421_114981498612073_105939637_n.jpg?fit=604%2C453&amp;ssl=1\" \/><\/div><\/div><\/div><\/div><\/div><div class=\"vc_col-sm-6 wpb_column vc_column_container animate_afl\"><div class=\"vc_column-inner\"><div class=\"wpb_wrapper\"><div class=\"w-image\"><div class=\"w-image-h\"><img width=\"324\" height=\"79\" src=\"https:\/\/i1.wp.com\/cellerdalmau.es\/wp-content\/uploads\/2017\/09\/logo4.png?fit=324%2C79&amp;ssl=1\" class=\"attachment-large size-large\" alt=\"\" loading=\"lazy\" srcset=\"https:\/\/i1.wp.com\/cellerdalmau.es\/wp-content\/uploads\/2017\/09\/logo4.png?w=324&amp;ssl=1 324w, https:\/\/i1.wp.com\/cellerdalmau.es\/wp-content\/uploads\/2017\/09\/logo4.png?resize=300%2C73&amp;ssl=1 300w\" sizes=\"(max-width: 324px) 100vw, 324px\" data-attachment-id=\"885\" data-permalink=\"https:\/\/cellerdalmau.es\/pagina-ejemplo\/logo4\/\" data-orig-file=\"https:\/\/i1.wp.com\/cellerdalmau.es\/wp-content\/uploads\/2017\/09\/logo4.png?fit=324%2C79&amp;ssl=1\" data-orig-size=\"324,79\" data-comments-opened=\"1\" data-image-meta=\"{&quot;aperture&quot;:&quot;0&quot;,&quot;credit&quot;:&quot;&quot;,&quot;camera&quot;:&quot;&quot;,&quot;caption&quot;:&quot;&quot;,&quot;created_timestamp&quot;:&quot;0&quot;,&quot;copyright&quot;:&quot;&quot;,&quot;focal_length&quot;:&quot;0&quot;,&quot;iso&quot;:&quot;0&quot;,&quot;shutter_speed&quot;:&quot;0&quot;,&quot;title&quot;:&quot;&quot;,&quot;orientation&quot;:&quot;0&quot;}\" data-image-title=\"logo4\" data-image-description=\"\" data-medium-file=\"https:\/\/i1.wp.com\/cellerdalmau.es\/wp-content\/uploads\/2017\/09\/logo4.png?fit=300%2C73&amp;ssl=1\" data-large-file=\"https:\/\/i1.wp.com\/cellerdalmau.es\/wp-content\/uploads\/2017\/09\/logo4.png?fit=324%2C79&amp;ssl=1\" \/><\/div><\/div><\/div><\/div><\/div><\/div><\/div><\/div><\/div><\/div><\/div><\/div><\/div><\/div><\/div><\/div><\/div><\/section>\n","protected":false},"excerpt":{"rendered":"[vc_empty_space height=\"90px\"] MARQUES EXCLUSIVES St Petroni Finca Ca N\u2019Estlla Mas comtal Rosmas St Petroni El vermut vermell St. Petroni s'elabora a partir de ra\u00efms de la varietat albari\u00f1o procedents del Pazo Arret\u00e9n, els vinyes estan especialment mimats pel microclima de la vall del Padr\u00f3n. Vinificaci\u00f3 sobre lies per obtenir matisos diferenciadors tant en olors, com...","protected":false},"author":1,"featured_media":0,"parent":0,"menu_order":0,"comment_status":"closed","ping_status":"closed","template":"","meta":{"spay_email":""},"jetpack_sharing_enabled":true,"jetpack_shortlink":"https:\/\/wp.me\/P9j7ef-g5","jetpack_likes_enabled":true,"jetpack-related-posts":[],"_links":{"self":[{"href":"https:\/\/cellerdalmau.es\/ca\/wp-json\/wp\/v2\/pages\/997"}],"collection":[{"href":"https:\/\/cellerdalmau.es\/ca\/wp-json\/wp\/v2\/pages"}],"about":[{"href":"https:\/\/cellerdalmau.es\/ca\/wp-json\/wp\/v2\/types\/page"}],"author":[{"embeddable":true,"href":"https:\/\/cellerdalmau.es\/ca\/wp-json\/wp\/v2\/users\/1"}],"replies":[{"embeddable":true,"href":"https:\/\/cellerdalmau.es\/ca\/wp-json\/wp\/v2\/comments?post=997"}],"version-history":[{"count":6,"href":"https:\/\/cellerdalmau.es\/ca\/wp-json\/wp\/v2\/pages\/997\/revisions"}],"predecessor-version":[{"id":1091,"href":"https:\/\/cellerdalmau.es\/ca\/wp-json\/wp\/v2\/pages\/997\/revisions\/1091"}],"wp:attachment":[{"href":"https:\/\/cellerdalmau.es\/ca\/wp-json\/wp\/v2\/media?parent=997"}],"curies":[{"name":"wp","href":"https:\/\/api.w.org\/{rel}","templated":true}]}}